{"id":32,"date":"2018-05-22T20:29:30","date_gmt":"2018-05-22T20:29:30","guid":{"rendered":"http:\/\/macaf.cl\/?page_id=32"},"modified":"2023-07-04T18:01:19","modified_gmt":"2023-07-04T18:01:19","slug":"por-que-elegirnos","status":"publish","type":"page","link":"https:\/\/macaf.cl\/index.php\/por-que-elegirnos\/","title":{"rendered":"\u00bfPor qu\u00e9 elegirnos?"},"content":{"rendered":"<p><span style=\"vertical-align: inherit;\"><span style=\"vertical-align: inherit;\"><img loading=\"lazy\" decoding=\"async\" class=\"size-medium wp-image-184 alignleft\" src=\"http:\/\/macaf.cl\/wp-content\/uploads\/2023\/07\/WhatsApp-Image-2023-07-04-at-13.54.15-4-300x225.jpeg\" alt=\"\" width=\"300\" height=\"225\" srcset=\"https:\/\/macaf.cl\/wp-content\/uploads\/2023\/07\/WhatsApp-Image-2023-07-04-at-13.54.15-4-300x225.jpeg 300w, https:\/\/macaf.cl\/wp-content\/uploads\/2023\/07\/WhatsApp-Image-2023-07-04-at-13.54.15-4-1024x768.jpeg 1024w, https:\/\/macaf.cl\/wp-content\/uploads\/2023\/07\/WhatsApp-Image-2023-07-04-at-13.54.15-4-768x576.jpeg 768w, https:\/\/macaf.cl\/wp-content\/uploads\/2023\/07\/WhatsApp-Image-2023-07-04-at-13.54.15-4-1536x1152.jpeg 1536w, https:\/\/macaf.cl\/wp-content\/uploads\/2023\/07\/WhatsApp-Image-2023-07-04-at-13.54.15-4.jpeg 1600w\" sizes=\"auto, (max-width: 300px) 100vw, 300px\" \/>Hacemos que los participantes de nuestros procesos logren mayores niveles de responsabilidad Individual y compromiso con la organizaci\u00f3n y consigo mismo, impactando positivamente la forma como se relacionan con los dem\u00e1s.<\/span><\/span><\/p>\n<p><span style=\"vertical-align: inherit;\"><span style=\"vertical-align: inherit;\">Un claro indicador de que las cosas no est\u00e1n funcionando, son los altos niveles de desconfianza, queja, victimizaci\u00f3n o estr\u00e9s que se observa en muchas organizaciones. <\/span><span style=\"vertical-align: inherit;\">Reconocemos que la falla no est\u00e1 en las personas, sino que, en la err\u00f3nea Estrategia usada y en la forma en c\u00f3mo se est\u00e1n conduciendo en sus trabajos y en sus vidas personales.<\/span><\/span><\/p>\n<p><span style=\"vertical-align: inherit;\"><span style=\"vertical-align: inherit;\">Evocamos la capacidad de mirarse a s\u00ed mismos, provocando la b\u00fasqueda de un cambio personal y duradero. <\/span><span style=\"vertical-align: inherit;\">Trabajamos de manera transversal, durante todo el proceso de facilitaci\u00f3n, para que busquen sostenerse colaborativamente en aquello que denominamos Modelo <\/span><\/span><em><span style=\"vertical-align: inherit;\"><span style=\"vertical-align: inherit;\">&#8220;Sobre la L\u00ednea del Accountability&#8221;<\/span><\/span><\/em><\/p>\n<p><strong><span style=\"vertical-align: inherit;\"><span style=\"vertical-align: inherit;\">\u00bfCUALES SON LOS RESULTADOS DE NUESTRO TRABAJO CON EL RESPONSABILIDAD?<\/span><\/span><\/strong><\/p>\n<p><strong><span style=\"vertical-align: inherit;\"><span style=\"vertical-align: inherit;\">\u00bfQu\u00e9 logramos movilizar en las personas?<\/span><\/span><\/strong><\/p>\n<p><img loading=\"lazy\" decoding=\"async\" class=\"size-medium wp-image-72 alignright\" src=\"http:\/\/macaf.cl\/wp-content\/uploads\/2018\/05\/Macaf2-300x225.jpg\" alt=\"\" width=\"300\" height=\"225\" srcset=\"https:\/\/macaf.cl\/wp-content\/uploads\/2018\/05\/Macaf2-300x225.jpg 300w, https:\/\/macaf.cl\/wp-content\/uploads\/2018\/05\/Macaf2-768x576.jpg 768w, https:\/\/macaf.cl\/wp-content\/uploads\/2018\/05\/Macaf2-1024x768.jpg 1024w\" sizes=\"auto, (max-width: 300px) 100vw, 300px\" \/><span style=\"vertical-align: inherit;\"><span style=\"vertical-align: inherit;\">El desempe\u00f1o siempre mejora cuando las personas inscribieron su Accountability y se apropian de sus objetivos. <\/span><span style=\"vertical-align: inherit;\">En Macaf reconocemos en profundidad, que somos nosotros y nadie m\u00e1s que nosotros, quienes determinamos el curso de nuestra vida y el grado de felicidad que alcanzamos en ella. <\/span><span style=\"vertical-align: inherit;\">Por ello nos enfocamos en ayudar a las personas, equipos y organizaciones a comprender el sentido de urgencia de salir de la &#8220;Actitud de victimizaci\u00f3n&#8221; para pasar a un estatus de &#8220;Protagonismo y Compromiso&#8221;.<\/span><\/span><\/p>\n<p><span style=\"vertical-align: inherit;\"><span style=\"vertical-align: inherit;\">Hemos sido testigos de c\u00f3mo incontables personas y organizaciones se han beneficiado de alcanzar un mayor grado de responsabilidad en sus vidas. <\/span><span style=\"vertical-align: inherit;\">Si bien existen personas y organizaciones que reconocen la necesidad y el beneficio de desarrollarla, pocas de ellas saben c\u00f3mo obtenerla y mantenerla en el tiempo. <\/span><span style=\"vertical-align: inherit;\">Somos expertos en conseguir mejores y m\u00e1s r\u00e1pidos resultados.<\/span><\/span><\/p>\n<p><strong><span style=\"vertical-align: inherit;\"><span style=\"vertical-align: inherit;\">\u00bfCASOS DE \u00c9XITO?<\/span><\/span><\/strong><\/p>\n<p><span style=\"vertical-align: inherit;\"><span style=\"vertical-align: inherit;\">Hemos llevado nuestra metodolog\u00eda a organizaciones como: Falabella, Mall Plaza, Lexicom, CAM Chile, Alexim, El Mercurio, Goodyear y muchas m\u00e1s. <\/span><span style=\"vertical-align: inherit;\">Nuestra invitaci\u00f3n es a preguntarse: \u00bfCon qu\u00e9 puedo yo contribuir para afectar de manera significativa mi desempe\u00f1o y mis resultados, as\u00ed como de la Organizaci\u00f3n donde me desenvuelvo? <\/span><\/span><br \/>\n<span style=\"vertical-align: inherit;\"><span style=\"vertical-align: inherit;\">Los equipos exitosos no pueden existir sin Accountability, pues se trata de la v\u00eda directa al alto desempe\u00f1o.<\/span><\/span><\/p>\n","protected":false},"excerpt":{"rendered":"<p>Hacemos que los participantes de nuestros procesos logren mayores niveles de responsabilidad Individual y compromiso con la organizaci\u00f3n y consigo mismo, impactando positivamente la forma como se relacionan con los dem\u00e1s. Un claro indicador de que las cosas no est\u00e1n funcionando, son los altos niveles de desconfianza, queja, victimizaci\u00f3n o estr\u00e9s que se observa en &hellip; <\/p>\n<p class=\"link-more\"><a href=\"https:\/\/macaf.cl\/index.php\/por-que-elegirnos\/\" class=\"more-link\">Continue reading<span class=\"screen-reader-text\"> &#8220;\u00bfPor qu\u00e9 elegirnos?&#8221;<\/span><\/a><\/p>\n","protected":false},"author":1,"featured_media":0,"parent":0,"menu_order":0,"comment_status":"closed","ping_status":"closed","template":"","meta":{"footnotes":""},"class_list":["post-32","page","type-page","status-publish","hentry"],"_links":{"self":[{"href":"https:\/\/macaf.cl\/index.php\/wp-json\/wp\/v2\/pages\/32","targetHints":{"allow":["GET"]}}],"collection":[{"href":"https:\/\/macaf.cl\/index.php\/wp-json\/wp\/v2\/pages"}],"about":[{"href":"https:\/\/macaf.cl\/index.php\/wp-json\/wp\/v2\/types\/page"}],"author":[{"embeddable":true,"href":"https:\/\/macaf.cl\/index.php\/wp-json\/wp\/v2\/users\/1"}],"replies":[{"embeddable":true,"href":"https:\/\/macaf.cl\/index.php\/wp-json\/wp\/v2\/comments?post=32"}],"version-history":[{"count":9,"href":"https:\/\/macaf.cl\/index.php\/wp-json\/wp\/v2\/pages\/32\/revisions"}],"predecessor-version":[{"id":210,"href":"https:\/\/macaf.cl\/index.php\/wp-json\/wp\/v2\/pages\/32\/revisions\/210"}],"wp:attachment":[{"href":"https:\/\/macaf.cl\/index.php\/wp-json\/wp\/v2\/media?parent=32"}],"curies":[{"name":"wp","href":"https:\/\/api.w.org\/{rel}","templated":true}]}}