{"id":34,"date":"2018-05-22T20:29:30","date_gmt":"2018-05-22T20:29:30","guid":{"rendered":"http:\/\/macaf.cl\/?page_id=34"},"modified":"2018-05-24T16:39:27","modified_gmt":"2018-05-24T16:39:27","slug":"metodologia","status":"publish","type":"page","link":"https:\/\/macaf.cl\/index.php\/metodologia\/","title":{"rendered":"Metodolog\u00eda"},"content":{"rendered":"<p><strong>\u00bfQu\u00e9 es realmente el Accountability? <\/strong><\/p>\n<p>Los equipos exitosos no pueden existir sin Accountability, pues se trata de la v\u00eda directa al ALTO DESEMPE\u00d1O .<\/p>\n<p>El desempe\u00f1o siempre mejora cuando las personas aumentan su Accountability y se apropian de sus objetivos. <\/p>\n<p>Son estas personas quienes hacen que las cosas sucedan  en las Organizaciones. <\/p>\n<p>Al trabajar con nuestro m\u00e9todo, adem\u00e1s de mejorar en el desempe\u00f1o objetivo, tambi\u00e9n aumento la motivaci\u00f3n de las personas.<\/p>\n<p>Accountability significa la DECISI\u00d3N PERSONAL de:<\/p>\n<p>Querer ser mejor<\/p>\n<p>Superar las dificultades o problemas que se presenten<\/p>\n<p>Ser una persona excelente en los planos personal y laboral<\/p>\n<p>Ser una persona que act\u00faa inteligentemente, insistiendo y perseverando hasta lograr los resultados deseados.<\/p>\n<p>\u00bfQu\u00e9 logramos con nuestras Intervenciones de Coaching? <\/p>\n<p>Estimulamos la transformaci\u00f3n personal y profesional aumentando el poder de acci\u00f3n DESARROLLAMOS y MODELAMOS:<\/p>\n<p>Capacidad de aprendizaje,<br \/>\nHabilidades de inteligencia emocional,<br \/>\nDestrezas de creatividad, liderazgo y comunicaci\u00f3n efectiva. <\/p>\n<p>Los logros incluyen la obtenci\u00f3n de resultados efectivos y el mejoramiento de la calidad de vida. El foco del coaching es la persona, en un camino que va desde adentro, hacia afuera.<\/p>\n<p><strong>Sobre el IMPACTO en las Personas<\/strong><\/p>\n<p>Evocamos la capacidad de MIRARSE A S\u00cd MISMOS, provocando la b\u00fasqueda de un cambio personal y duradero. Trabajamos de manera transversal, durante todo el proceso de facilitaci\u00f3n, para que busquen sostenerse colaborativamente en aquello que denominamos \u201cSOBRE LA L\u00cdNEA DEL ACCOUNTABILITY\u201d <\/p>\n<p>Para sobresalir en el mundo de los negocios es necesario aprovechar al m\u00e1ximo las capacidades de nuestros Equipos de Trabajo. Para lograr <strong>EQUIPOS DE ALTO DESEMPE\u00d1O<\/strong> los directivos de las empresas deben aprender a crear un entorno de Conciencia, Responsabilidad y Comunicaci\u00f3n efectiva. En MACAF desarrollamos L\u00edderes capaces de hacerlo<\/p>\n","protected":false},"excerpt":{"rendered":"<p>\u00bfQu\u00e9 es realmente el Accountability? Los equipos exitosos no pueden existir sin Accountability, pues se trata de la v\u00eda directa al ALTO DESEMPE\u00d1O . El desempe\u00f1o siempre mejora cuando las personas aumentan su Accountability y se apropian de sus objetivos. Son estas personas quienes hacen que las cosas sucedan en las Organizaciones. Al trabajar con &hellip; <\/p>\n<p class=\"link-more\"><a href=\"https:\/\/macaf.cl\/index.php\/metodologia\/\" class=\"more-link\">Continue reading<span class=\"screen-reader-text\"> &#8220;Metodolog\u00eda&#8221;<\/span><\/a><\/p>\n","protected":false},"author":1,"featured_media":0,"parent":0,"menu_order":0,"comment_status":"closed","ping_status":"closed","template":"","meta":{"footnotes":""},"class_list":["post-34","page","type-page","status-publish","hentry"],"_links":{"self":[{"href":"https:\/\/macaf.cl\/index.php\/wp-json\/wp\/v2\/pages\/34","targetHints":{"allow":["GET"]}}],"collection":[{"href":"https:\/\/macaf.cl\/index.php\/wp-json\/wp\/v2\/pages"}],"about":[{"href":"https:\/\/macaf.cl\/index.php\/wp-json\/wp\/v2\/types\/page"}],"author":[{"embeddable":true,"href":"https:\/\/macaf.cl\/index.php\/wp-json\/wp\/v2\/users\/1"}],"replies":[{"embeddable":true,"href":"https:\/\/macaf.cl\/index.php\/wp-json\/wp\/v2\/comments?post=34"}],"version-history":[{"count":4,"href":"https:\/\/macaf.cl\/index.php\/wp-json\/wp\/v2\/pages\/34\/revisions"}],"predecessor-version":[{"id":65,"href":"https:\/\/macaf.cl\/index.php\/wp-json\/wp\/v2\/pages\/34\/revisions\/65"}],"wp:attachment":[{"href":"https:\/\/macaf.cl\/index.php\/wp-json\/wp\/v2\/media?parent=34"}],"curies":[{"name":"wp","href":"https:\/\/api.w.org\/{rel}","templated":true}]}}